{"id":142,"date":"2022-05-29T18:16:45","date_gmt":"2022-05-29T18:16:45","guid":{"rendered":"https:\/\/grafikdesignshop.mediendesign-hartig.de\/index.php\/produkt\/unisex-kapuzenpullover\/"},"modified":"2022-05-30T06:04:18","modified_gmt":"2022-05-30T06:04:18","slug":"unisex-kapuzenpullover","status":"publish","type":"product","link":"https:\/\/grafikdesignshop.mediendesign-hartig.de\/index.php\/produkt\/unisex-kapuzenpullover\/","title":{"rendered":"Unisex-Kapuzenpullover"},"content":{"rendered":"<p>Jeder braucht einen gem\u00fctlichen Kapuzenpullover zum Einkuscheln. Am besten einen, der sowohl weich als auch stylisch ist. Die perfekte Wahl f\u00fcr k\u00fchle Abende!<\/p>\n<p>\u2022 50 % Baumwolle, 50 % Polyester<br \/>\n\u2022 Stoffgewicht: 271,25 g\/m\u00b2<br \/>\n\u2022 Weicher Luftspinngarn sorgt f\u00fcr weiche Haptik und reduzierte Kn\u00f6tchenbildung<br \/>\n\u2022 Doppellagige Kapuze mit passenden Kordelzug<br \/>\n\u2022 Viertelgedreht, um eine Mittelfalte zu vermeiden<br \/>\n\u2022 1\u00d71 sportliche Ripp-B\u00fcndchen und Bund mit Elastan<br \/>\n\u2022 K\u00e4ngurutasche<br \/>\n\u2022 Kragen, Schultern, Arml\u00f6cher, Manschetten und Taille mit Doppelnaht vern\u00e4ht<br \/>\n\u2022 Rohprodukt bezogen aus Honduras, Mexiko oder Nicaragua<\/p>\n","protected":false},"excerpt":{"rendered":"<p>Jeder braucht einen gem\u00fctlichen Kapuzenpullover zum Einkuscheln. Am besten einen, der sowohl weich als auch stylisch ist. Die perfekte Wahl f\u00fcr k\u00fchle Abende! \u2022 50 % Baumwolle, 50 % Polyester \u2022 Stoffgewicht: 271,25 g\/m\u00b2 \u2022 Weicher Luftspinngarn sorgt f\u00fcr weiche Haptik und reduzierte Kn\u00f6tchenbildung \u2022 Doppellagige Kapuze mit passenden Kordelzug \u2022 Viertelgedreht, um eine Mittelfalte &hellip; <\/p>\n<p class=\"link-more\"><a href=\"https:\/\/grafikdesignshop.mediendesign-hartig.de\/index.php\/produkt\/unisex-kapuzenpullover\/\" class=\"more-link\"><span class=\"screen-reader-text\">\u201eUnisex-Kapuzenpullover\u201c <\/span>weiterlesen<\/a><\/p>\n","protected":false},"featured_media":202,"comment_status":"open","ping_status":"closed","template":"","meta":[],"product_brand":[],"product_cat":[46],"product_tag":[],"class_list":{"0":"post-142","1":"product","2":"type-product","3":"status-publish","4":"has-post-thumbnail","6":"product_cat-hoodies","8":"first","9":"instock","10":"shipping-taxable","11":"purchasable","12":"product-type-variable"},"jetpack-related-posts":[],"jetpack_sharing_enabled":true,"_links":{"self":[{"href":"https:\/\/grafikdesignshop.mediendesign-hartig.de\/index.php\/wp-json\/wp\/v2\/product\/142","targetHints":{"allow":["GET"]}}],"collection":[{"href":"https:\/\/grafikdesignshop.mediendesign-hartig.de\/index.php\/wp-json\/wp\/v2\/product"}],"about":[{"href":"https:\/\/grafikdesignshop.mediendesign-hartig.de\/index.php\/wp-json\/wp\/v2\/types\/product"}],"replies":[{"embeddable":true,"href":"https:\/\/grafikdesignshop.mediendesign-hartig.de\/index.php\/wp-json\/wp\/v2\/comments?post=142"}],"wp:featuredmedia":[{"embeddable":true,"href":"https:\/\/grafikdesignshop.mediendesign-hartig.de\/index.php\/wp-json\/wp\/v2\/media\/202"}],"wp:attachment":[{"href":"https:\/\/grafikdesignshop.mediendesign-hartig.de\/index.php\/wp-json\/wp\/v2\/media?parent=142"}],"wp:term":[{"taxonomy":"product_brand","embeddable":true,"href":"https:\/\/grafikdesignshop.mediendesign-hartig.de\/index.php\/wp-json\/wp\/v2\/product_brand?post=142"},{"taxonomy":"product_cat","embeddable":true,"href":"https:\/\/grafikdesignshop.mediendesign-hartig.de\/index.php\/wp-json\/wp\/v2\/product_cat?post=142"},{"taxonomy":"product_tag","embeddable":true,"href":"https:\/\/grafikdesignshop.mediendesign-hartig.de\/index.php\/wp-json\/wp\/v2\/product_tag?post=142"}],"curies":[{"name":"wp","href":"https:\/\/api.w.org\/{rel}","templated":true}]}}