{"id":8,"date":"2019-04-29T16:29:29","date_gmt":"2019-04-29T16:29:29","guid":{"rendered":"https:\/\/wordpress-test.mediendesign-hartig.de\/?page_id=8"},"modified":"2022-05-29T18:43:57","modified_gmt":"2022-05-29T18:43:57","slug":"startseite","status":"publish","type":"page","link":"https:\/\/grafikdesignshop.mediendesign-hartig.de\/","title":{"rendered":"Startseite"},"content":{"rendered":"<p>Willkommen auf GRAFIKDESIGN SHOP!<\/p>\n<p>Digitalfotos, die im Web ver\u00f6ffentlicht werden sollen, m\u00fcssen verkleinert werden.<br \/>Bei Bearbeitung geht es also darum, den goldenen Mittelweg zu finden zwischen einem optimal pr\u00e4sentierten, daher ansehnlichen Foto und einer m\u00f6glichst geringen Datenmenge.<br \/>Ich m\u00f6chte Ihnen behilflich sein, wie man Bilder f\u00fcr Web und Performance optimiert.<\/p>\n\n\n<p>\n[masterslider id=&#8220;1&#8243;]\n\n<\/p>\n","protected":false},"excerpt":{"rendered":"<p>Willkommen auf GRAFIKDESIGN SHOP! Digitalfotos, die im Web ver\u00f6ffentlicht werden sollen, m\u00fcssen verkleinert werden.Bei Bearbeitung geht es also darum, den goldenen Mittelweg zu finden zwischen einem optimal pr\u00e4sentierten, daher ansehnlichen Foto und einer m\u00f6glichst geringen Datenmenge.Ich m\u00f6chte Ihnen behilflich sein, wie man Bilder f\u00fcr Web und Performance optimiert. [masterslider id=&#8220;1&#8243;]<\/p>\n","protected":false},"author":1,"featured_media":85,"parent":0,"menu_order":0,"comment_status":"closed","ping_status":"closed","template":"","meta":{"footnotes":""},"class_list":["post-8","page","type-page","status-publish","has-post-thumbnail","hentry"],"jetpack-related-posts":[],"jetpack_sharing_enabled":true,"_links":{"self":[{"href":"https:\/\/grafikdesignshop.mediendesign-hartig.de\/index.php\/wp-json\/wp\/v2\/pages\/8","targetHints":{"allow":["GET"]}}],"collection":[{"href":"https:\/\/grafikdesignshop.mediendesign-hartig.de\/index.php\/wp-json\/wp\/v2\/pages"}],"about":[{"href":"https:\/\/grafikdesignshop.mediendesign-hartig.de\/index.php\/wp-json\/wp\/v2\/types\/page"}],"author":[{"embeddable":true,"href":"https:\/\/grafikdesignshop.mediendesign-hartig.de\/index.php\/wp-json\/wp\/v2\/users\/1"}],"replies":[{"embeddable":true,"href":"https:\/\/grafikdesignshop.mediendesign-hartig.de\/index.php\/wp-json\/wp\/v2\/comments?post=8"}],"version-history":[{"count":4,"href":"https:\/\/grafikdesignshop.mediendesign-hartig.de\/index.php\/wp-json\/wp\/v2\/pages\/8\/revisions"}],"predecessor-version":[{"id":216,"href":"https:\/\/grafikdesignshop.mediendesign-hartig.de\/index.php\/wp-json\/wp\/v2\/pages\/8\/revisions\/216"}],"wp:featuredmedia":[{"embeddable":true,"href":"https:\/\/grafikdesignshop.mediendesign-hartig.de\/index.php\/wp-json\/wp\/v2\/media\/85"}],"wp:attachment":[{"href":"https:\/\/grafikdesignshop.mediendesign-hartig.de\/index.php\/wp-json\/wp\/v2\/media?parent=8"}],"curies":[{"name":"wp","href":"https:\/\/api.w.org\/{rel}","templated":true}]}}